{"id":2748,"date":"2017-04-22T01:56:30","date_gmt":"2017-04-21T23:56:30","guid":{"rendered":"http:\/\/www.schweiz-albanien.ch\/?page_id=2748\/"},"modified":"2017-04-22T01:56:30","modified_gmt":"2017-04-21T23:56:30","slug":"publikime","status":"publish","type":"page","link":"https:\/\/www.schweiz-albanien.ch\/sq\/cka-ju-ofrojme\/publikime\/","title":{"rendered":"Publikime"},"content":{"rendered":"<h2>Albanische Hefte<\/h2>\n<div style=\"width: 133px\" class=\"wp-caption alignright\"><img loading=\"lazy\" decoding=\"async\" class=\"size-medium\" src=\"http:\/\/test.albanien-dafg.de\/wp-content\/uploads\/2014\/05\/AH-2015-3-e1456319142404.jpg\" width=\"123\" height=\"174\" \/><p class=\"wp-caption-text\">Albanische Hefte<\/p><\/div>\n<p>Shoqate Zvic\u00ebr-Shqip\u00ebri bashk\u00ebpunon m\u00eb Shoqat\u00ebn t\u00eb Miq\u00ebsis\u00eb Shqip\u00ebri-Gjermani n\u00eb botimin e revist\u00ebs Gjermane &#8220;Albanische Hefte&#8221;.<\/p>\n<p>Abonim i revist\u00ebs p\u00ebr gjith\u00eb <span class=\"_5yl5\">an\u00ebtar\u00eb.<\/span><\/p>\n<p><a href=\"http:\/\/www.albanien-dafg.de\/albanische-hefte\/\" target=\"_blank\" rel=\"noopener noreferrer\"><i class=\"wp-svg-arrow-right-2 arrow-right-2\"><\/i> Albanische Hefte<\/a><\/p>\n<h2>Newsletter<\/h2>\n<p>Newsletter elektronike p\u00ebr an\u00ebtar\u00eb dhe <span id=\"result_box\" class=\"short_text\" lang=\"sq\"><span class=\"alt-edited\">t\u00eb interesuar<\/span><\/span> \u2013 informacion\u00eb mbi shoqat\u00ebs, ngjarj\u00eb dhe aktualitete.<\/p>\n<p><a href=\"https:\/\/www.schweiz-albanien.ch\/angebot\/newsletter\/\"><i class=\"wp-svg-arrow-right-2 arrow-right-2\"><\/i> Arkiv dhe abonim<\/a><\/p>\n<div id=\"attachment_2695\" style=\"width: 235px\" class=\"wp-caption alignright\"><img loading=\"lazy\" decoding=\"async\" aria-describedby=\"caption-attachment-2695\" class=\"size-medium wp-image-2695\" src=\"https:\/\/www.schweiz-albanien.ch\/wp-content\/uploads\/2017\/03\/GV2017-Impressionen-225x300.jpg\" alt=\"\" width=\"225\" height=\"300\" srcset=\"https:\/\/www.schweiz-albanien.ch\/wp-content\/uploads\/2017\/03\/GV2017-Impressionen-225x300.jpg 225w, https:\/\/www.schweiz-albanien.ch\/wp-content\/uploads\/2017\/03\/GV2017-Impressionen-600x800.jpg 600w, https:\/\/www.schweiz-albanien.ch\/wp-content\/uploads\/2017\/03\/GV2017-Impressionen.jpg 720w\" sizes=\"auto, (max-width: 225px) 100vw, 225px\" \/><p id=\"caption-attachment-2695\" class=\"wp-caption-text\">Raporti i vitit<\/p><\/div>\n<h2>Raporti i vitit<\/h2>\n<p><a href=\"https:\/\/www.schweiz-albanien.ch\/sq\/verein\/raporti-i-vitit\/\"><i class=\"wp-svg-arrow-right-2 arrow-right-2\"><\/i> Raporti i vitit<\/a><\/p>\n","protected":false},"excerpt":{"rendered":"<p>Albanische Hefte Shoqate Zvic\u00ebr-Shqip\u00ebri bashk\u00ebpunon m\u00eb Shoqat\u00ebn t\u00eb Miq\u00ebsis\u00eb Shqip\u00ebri-Gjermani n\u00eb botimin e revist\u00ebs Gjermane &#8220;Albanische Hefte&#8221;. Abonim i revist\u00ebs p\u00ebr gjith\u00eb an\u00ebtar\u00eb. Albanische Hefte Newsletter Newsletter elektronike p\u00ebr an\u00ebtar\u00eb dhe t\u00eb interesuar \u2013 informacion\u00eb [&hellip;]<\/p>\n","protected":false},"author":1,"featured_media":0,"parent":1437,"menu_order":0,"comment_status":"closed","ping_status":"closed","template":"","meta":{"jetpack_post_was_ever_published":false,"footnotes":"","_links_to":"","_links_to_target":""},"categories":[217],"tags":[671,673],"class_list":["post-2748","page","type-page","status-publish","hentry","category-oferte","tag-albanische-hefte","tag-publikime"],"jetpack_sharing_enabled":true,"jetpack_shortlink":"https:\/\/wp.me\/P7cvp4-Ik","_links":{"self":[{"href":"https:\/\/www.schweiz-albanien.ch\/sq\/wp-json\/wp\/v2\/pages\/2748\/"}],"collection":[{"href":"https:\/\/www.schweiz-albanien.ch\/sq\/wp-json\/wp\/v2\/pages\/"}],"about":[{"href":"https:\/\/www.schweiz-albanien.ch\/sq\/wp-json\/wp\/v2\/types\/page\/"}],"author":[{"embeddable":true,"href":"https:\/\/www.schweiz-albanien.ch\/sq\/wp-json\/wp\/v2\/users\/1\/"}],"replies":[{"embeddable":true,"href":"https:\/\/www.schweiz-albanien.ch\/sq\/wp-json\/wp\/v2\/comments\/?post=2748"}],"version-history":[{"count":1,"href":"https:\/\/www.schweiz-albanien.ch\/sq\/wp-json\/wp\/v2\/pages\/2748\/revisions\/"}],"predecessor-version":[{"id":2749,"href":"https:\/\/www.schweiz-albanien.ch\/sq\/wp-json\/wp\/v2\/pages\/2748\/revisions\/2749\/"}],"up":[{"embeddable":true,"href":"https:\/\/www.schweiz-albanien.ch\/sq\/wp-json\/wp\/v2\/pages\/1437\/"}],"wp:attachment":[{"href":"https:\/\/www.schweiz-albanien.ch\/sq\/wp-json\/wp\/v2\/media\/?parent=2748"}],"wp:term":[{"taxonomy":"category","embeddable":true,"href":"https:\/\/www.schweiz-albanien.ch\/sq\/wp-json\/wp\/v2\/categories\/?post=2748"},{"taxonomy":"post_tag","embeddable":true,"href":"https:\/\/www.schweiz-albanien.ch\/sq\/wp-json\/wp\/v2\/tags\/?post=2748"}],"curies":[{"name":"wp","href":"https:\/\/api.w.org\/{rel}","templated":true}]}}