{"id":1288,"date":"2014-12-20T18:43:33","date_gmt":"2014-12-20T17:43:33","guid":{"rendered":"http:\/\/www.schweiz-albanien.ch\/\/sq\/?page_id=1288"},"modified":"2017-05-08T17:44:40","modified_gmt":"2017-05-08T15:44:40","slug":"prospekt","status":"publish","type":"page","link":"https:\/\/www.schweiz-albanien.ch\/sq\/verein\/prospekt\/","title":{"rendered":"Prospekt"},"content":{"rendered":"<p><b><img loading=\"lazy\" decoding=\"async\" class=\"alignright size-full wp-image-115\" src=\"https:\/\/www.schweiz-albanien.ch\/wp-content\/uploads\/2016\/02\/flyer_wirtschaft_2014_deweb-2.jpg\" alt=\"Flyer Wirtschaft 2014 deutsch\" width=\"145\" height=\"300\" \/>Prospekti &#8220;Gr\u00fcezi \u2013 P\u00ebrsh\u00ebndetje&#8221; <\/b><\/p>\n<p>Prospekt i Shoqat\u00ebs \u2013 prezantim.<!--more--><\/p>\n<p><a href=\"https:\/\/www.schweiz-albanien.ch\/wp-content\/uploads\/2016\/02\/flyer_wirtschaft_2014_deweb.pdf\" target=\"_blank\" rel=\"noopener noreferrer\"><i class=\"wp-svg-profile profile\"><\/i> Downlaod versioni gjermanisht<\/a> (PDF)<br \/>\n<a href=\"https:\/\/www.schweiz-albanien.ch\/wp-content\/uploads\/2016\/02\/flyer_wirtschaft_2014_alweb.pdf\" target=\"_blank\" rel=\"noopener noreferrer\"><i class=\"wp-svg-profile profile\"><\/i> Downlaod versioni shqip<\/a> (PDF)<\/p>\n<p>&nbsp;<\/p>\n<hr \/>\n<p><i class=\"wp-svg-point-right point-right\"><\/i> <a href=\"https:\/\/www.schweiz-albanien.ch\/sq\/verein\/raporti-i-vitit\/\">Raporti i vitit<\/a><\/p>\n","protected":false},"excerpt":{"rendered":"<p>Prospekti &#8220;Gr\u00fcezi \u2013 P\u00ebrsh\u00ebndetje&#8221; Prospekt i Shoqat\u00ebs \u2013 prezantim.<\/p>\n","protected":false},"author":1,"featured_media":772,"parent":1261,"menu_order":0,"comment_status":"closed","ping_status":"closed","template":"","meta":{"jetpack_post_was_ever_published":false,"footnotes":"","_links_to":"","_links_to_target":""},"categories":[215,226],"tags":[242,241,234],"class_list":["post-1288","page","type-page","status-publish","has-post-thumbnail","hentry","category-aktivitete-te-shoqates","category-shoqata-sq","tag-prezantim","tag-prospekt","tag-shoqata-sq"],"jetpack_sharing_enabled":true,"jetpack_shortlink":"https:\/\/wp.me\/P7cvp4-kM","_links":{"self":[{"href":"https:\/\/www.schweiz-albanien.ch\/sq\/wp-json\/wp\/v2\/pages\/1288\/"}],"collection":[{"href":"https:\/\/www.schweiz-albanien.ch\/sq\/wp-json\/wp\/v2\/pages\/"}],"about":[{"href":"https:\/\/www.schweiz-albanien.ch\/sq\/wp-json\/wp\/v2\/types\/page\/"}],"author":[{"embeddable":true,"href":"https:\/\/www.schweiz-albanien.ch\/sq\/wp-json\/wp\/v2\/users\/1\/"}],"replies":[{"embeddable":true,"href":"https:\/\/www.schweiz-albanien.ch\/sq\/wp-json\/wp\/v2\/comments\/?post=1288"}],"version-history":[{"count":2,"href":"https:\/\/www.schweiz-albanien.ch\/sq\/wp-json\/wp\/v2\/pages\/1288\/revisions\/"}],"predecessor-version":[{"id":2804,"href":"https:\/\/www.schweiz-albanien.ch\/sq\/wp-json\/wp\/v2\/pages\/1288\/revisions\/2804\/"}],"up":[{"embeddable":true,"href":"https:\/\/www.schweiz-albanien.ch\/sq\/wp-json\/wp\/v2\/pages\/1261\/"}],"wp:featuredmedia":[{"embeddable":true,"href":"https:\/\/www.schweiz-albanien.ch\/sq\/wp-json\/wp\/v2\/media\/772\/"}],"wp:attachment":[{"href":"https:\/\/www.schweiz-albanien.ch\/sq\/wp-json\/wp\/v2\/media\/?parent=1288"}],"wp:term":[{"taxonomy":"category","embeddable":true,"href":"https:\/\/www.schweiz-albanien.ch\/sq\/wp-json\/wp\/v2\/categories\/?post=1288"},{"taxonomy":"post_tag","embeddable":true,"href":"https:\/\/www.schweiz-albanien.ch\/sq\/wp-json\/wp\/v2\/tags\/?post=1288"}],"curies":[{"name":"wp","href":"https:\/\/api.w.org\/{rel}","templated":true}]}}